{"id":853,"date":"2025-01-18T12:23:03","date_gmt":"2025-01-18T12:23:03","guid":{"rendered":"https:\/\/agafaybooks.com\/?page_id=853"},"modified":"2026-02-04T10:47:12","modified_gmt":"2026-02-04T10:47:12","slug":"a-propos-de-nous","status":"publish","type":"page","link":"https:\/\/agafaybooks.com\/fr\/index.php\/a-propos-de-nous\/","title":{"rendered":"A propos"},"content":{"rendered":"\t\t<div data-elementor-type=\"wp-page\" data-elementor-id=\"853\" class=\"elementor elementor-853 elementor-164\" data-elementor-post-type=\"page\">\n\t\t\t\t<div class=\"elementor-element elementor-element-80d3af4 e-flex e-con-boxed e-con e-parent\" data-id=\"80d3af4\" data-element_type=\"container\" data-settings=\"{&quot;background_background&quot;:&quot;classic&quot;}\">\n\t\t\t\t\t<div class=\"e-con-inner\">\n\t\t\t\t<div class=\"elementor-element elementor-element-e979593 de_scroll_animation_no elementor-widget elementor-widget-image\" data-id=\"e979593\" data-element_type=\"widget\" data-settings=\"{&quot;motion_fx_motion_fx_scrolling&quot;:&quot;yes&quot;,&quot;motion_fx_translateY_effect&quot;:&quot;yes&quot;,&quot;motion_fx_translateY_speed&quot;:{&quot;unit&quot;:&quot;px&quot;,&quot;size&quot;:0,&quot;sizes&quot;:[]},&quot;motion_fx_translateY_affectedRange&quot;:{&quot;unit&quot;:&quot;%&quot;,&quot;size&quot;:&quot;&quot;,&quot;sizes&quot;:{&quot;start&quot;:34,&quot;end&quot;:87}},&quot;motion_fx_devices&quot;:[&quot;desktop&quot;,&quot;tablet&quot;,&quot;mobile&quot;]}\" data-widget_type=\"image.default\">\n\t\t\t\t<div class=\"elementor-widget-container\">\n\t\t\t\t\t\t\t\t\t\t\t\t\t\t\t<img fetchpriority=\"high\" decoding=\"async\" width=\"800\" height=\"800\" src=\"https:\/\/agafaybooks.com\/wp-content\/uploads\/2025\/01\/AB-proposal-Recovered-2.png\" class=\"attachment-large size-large wp-image-307\" alt=\"\" srcset=\"https:\/\/agafaybooks.com\/wp-content\/uploads\/2025\/01\/AB-proposal-Recovered-2.png 800w, https:\/\/agafaybooks.com\/wp-content\/uploads\/2025\/01\/AB-proposal-Recovered-2-300x300.png 300w, https:\/\/agafaybooks.com\/wp-content\/uploads\/2025\/01\/AB-proposal-Recovered-2-150x150.png 150w, https:\/\/agafaybooks.com\/wp-content\/uploads\/2025\/01\/AB-proposal-Recovered-2-768x768.png 768w\" sizes=\"(max-width: 800px) 100vw, 800px\" \/>\t\t\t\t\t\t\t\t\t\t\t\t\t\t\t<\/div>\n\t\t\t\t<\/div>\n\t\t\t\t<div class=\"elementor-element elementor-element-c1af35b de_scroll_animation_no elementor-widget elementor-widget-heading\" data-id=\"c1af35b\" data-element_type=\"widget\" data-widget_type=\"heading.default\">\n\t\t\t\t<div class=\"elementor-widget-container\">\n\t\t\t\t\t<h2 class=\"elementor-heading-title elementor-size-default\">\u00c0 PROPOS DE NOUS<\/h2>\t\t\t\t<\/div>\n\t\t\t\t<\/div>\n\t\t\t\t\t<\/div>\n\t\t\t\t<\/div>\n\t\t\t\t<section class=\"elementor-section elementor-top-section elementor-element elementor-element-d0aee6f elementor-section-boxed elementor-section-height-default elementor-section-height-default\" data-id=\"d0aee6f\" data-element_type=\"section\" data-settings=\"{&quot;background_background&quot;:&quot;classic&quot;}\">\n\t\t\t\t\t\t<div class=\"elementor-container elementor-column-gap-default\">\n\t\t\t\t\t<div class=\"elementor-column elementor-col-50 elementor-top-column elementor-element elementor-element-2993f3e\" data-id=\"2993f3e\" data-element_type=\"column\">\n\t\t\t<div class=\"elementor-widget-wrap elementor-element-populated\">\n\t\t\t\t\t\t<div class=\"elementor-element elementor-element-d493003 de_scroll_animation_no elementor-widget elementor-widget-image\" data-id=\"d493003\" data-element_type=\"widget\" data-settings=\"{&quot;motion_fx_motion_fx_scrolling&quot;:&quot;yes&quot;,&quot;motion_fx_translateY_effect&quot;:&quot;yes&quot;,&quot;motion_fx_translateY_speed&quot;:{&quot;unit&quot;:&quot;px&quot;,&quot;size&quot;:1.3999999999999999,&quot;sizes&quot;:[]},&quot;motion_fx_translateY_affectedRange&quot;:{&quot;unit&quot;:&quot;%&quot;,&quot;size&quot;:&quot;&quot;,&quot;sizes&quot;:{&quot;start&quot;:0,&quot;end&quot;:100}},&quot;motion_fx_devices&quot;:[&quot;desktop&quot;,&quot;tablet&quot;,&quot;mobile&quot;]}\" data-widget_type=\"image.default\">\n\t\t\t\t<div class=\"elementor-widget-container\">\n\t\t\t\t\t\t\t\t\t\t\t\t\t\t\t<img decoding=\"async\" width=\"599\" height=\"666\" src=\"https:\/\/agafaybooks.com\/wp-content\/uploads\/2025\/01\/Artboard-6_3@5x-100.jpg\" class=\"attachment-large size-large wp-image-380\" alt=\"\" srcset=\"https:\/\/agafaybooks.com\/wp-content\/uploads\/2025\/01\/Artboard-6_3@5x-100.jpg 599w, https:\/\/agafaybooks.com\/wp-content\/uploads\/2025\/01\/Artboard-6_3@5x-100-270x300.jpg 270w\" sizes=\"(max-width: 599px) 100vw, 599px\" \/>\t\t\t\t\t\t\t\t\t\t\t\t\t\t\t<\/div>\n\t\t\t\t<\/div>\n\t\t\t\t\t<\/div>\n\t\t<\/div>\n\t\t\t\t<div class=\"elementor-column elementor-col-50 elementor-top-column elementor-element elementor-element-c16e759\" data-id=\"c16e759\" data-element_type=\"column\">\n\t\t\t<div class=\"elementor-widget-wrap elementor-element-populated\">\n\t\t\t\t\t\t<div class=\"elementor-element elementor-element-a12421e elementor-headline--style-highlight de_scroll_animation_no elementor-widget elementor-widget-animated-headline\" data-id=\"a12421e\" data-element_type=\"widget\" data-settings=\"{&quot;highlighted_text&quot;:&quot;\\&quot;Agafay Books\\&quot;? &quot;,&quot;marker&quot;:&quot;underline&quot;,&quot;headline_style&quot;:&quot;highlight&quot;,&quot;loop&quot;:&quot;yes&quot;,&quot;highlight_animation_duration&quot;:1200,&quot;highlight_iteration_delay&quot;:8000}\" data-widget_type=\"animated-headline.default\">\n\t\t\t\t<div class=\"elementor-widget-container\">\n\t\t\t\t\t\t\t<h2 class=\"elementor-headline\">\n\t\t\t\t\t<span class=\"elementor-headline-plain-text elementor-headline-text-wrapper\">Pourquoi<\/span>\n\t\t\t\t<span class=\"elementor-headline-dynamic-wrapper elementor-headline-text-wrapper\">\n\t\t\t\t\t<span class=\"elementor-headline-dynamic-text elementor-headline-text-active\">\"Agafay Books\"? <\/span>\n\t\t\t\t<\/span>\n\t\t\t\t<\/h2>\n\t\t\t\t\t\t<\/div>\n\t\t\t\t<\/div>\n\t\t\t\t<div class=\"elementor-element elementor-element-1033ce1 de_scroll_animation_no elementor-widget elementor-widget-text-editor\" data-id=\"1033ce1\" data-element_type=\"widget\" data-widget_type=\"text-editor.default\">\n\t\t\t\t<div class=\"elementor-widget-container\">\n\t\t\t\t\t\t\t\t\t<p><span style=\"font-weight: 400;\">Agafay Books tire son nom du d\u00e9sert d&rsquo;Agafay, au Maroc, un lieu d&rsquo;une beaut\u00e9 naturelle stup\u00e9fiante et d&rsquo;un riche patrimoine culturel. Le d\u00e9sert repr\u00e9sente un vaste paysage inexplor\u00e9 et plein de possibilit\u00e9s, tout comme l&rsquo;imagination des enfants.<\/span><\/p><p><span style=\"font-weight: 400;\">Notre nom refl\u00e8te notre engagement \u00e0 explorer le potentiel illimit\u00e9 des jeunes esprits \u00e0 travers des histoires qui inspirent, \u00e9duquent et divertissent. Chaque livre que nous cr\u00e9ons est un voyage, invitant les jeunes lecteurs \u00e0 d\u00e9couvrir de nouvelles id\u00e9es, \u00e0 embrasser leur identit\u00e9 culturelle et \u00e0 \u00e9veiller leur curiosit\u00e9 pour le monde qui les entoure.<\/span><\/p>\t\t\t\t\t\t\t\t<\/div>\n\t\t\t\t<\/div>\n\t\t\t\t\t<\/div>\n\t\t<\/div>\n\t\t\t\t\t<\/div>\n\t\t<\/section>\n\t\t\t\t<section class=\"elementor-section elementor-top-section elementor-element elementor-element-260c0f3 elementor-section-boxed elementor-section-height-default elementor-section-height-default\" data-id=\"260c0f3\" data-element_type=\"section\" data-settings=\"{&quot;background_background&quot;:&quot;classic&quot;}\">\n\t\t\t\t\t\t\t<div class=\"elementor-background-overlay\"><\/div>\n\t\t\t\t\t\t\t<div class=\"elementor-container elementor-column-gap-default\">\n\t\t\t\t\t<div class=\"elementor-column elementor-col-100 elementor-top-column elementor-element elementor-element-384de65\" data-id=\"384de65\" data-element_type=\"column\">\n\t\t\t<div class=\"elementor-widget-wrap elementor-element-populated\">\n\t\t\t\t\t\t<section class=\"elementor-section elementor-inner-section elementor-element elementor-element-353b594 elementor-section-boxed elementor-section-height-default elementor-section-height-default\" data-id=\"353b594\" data-element_type=\"section\">\n\t\t\t\t\t\t<div class=\"elementor-container elementor-column-gap-default\">\n\t\t\t\t\t<div class=\"elementor-column elementor-col-50 elementor-inner-column elementor-element elementor-element-e7990f4 elementor-invisible\" data-id=\"e7990f4\" data-element_type=\"column\" data-settings=\"{&quot;background_background&quot;:&quot;classic&quot;,&quot;animation&quot;:&quot;fadeInUp&quot;,&quot;animation_delay&quot;:400}\">\n\t\t\t<div class=\"elementor-widget-wrap elementor-element-populated\">\n\t\t\t\t\t\t<div class=\"elementor-element elementor-element-f42290e de_scroll_animation_no elementor-widget elementor-widget-heading\" data-id=\"f42290e\" data-element_type=\"widget\" data-widget_type=\"heading.default\">\n\t\t\t\t<div class=\"elementor-widget-container\">\n\t\t\t\t\t<h4 class=\"elementor-heading-title elementor-size-default\">Notre Mission<\/h4>\t\t\t\t<\/div>\n\t\t\t\t<\/div>\n\t\t\t\t<div class=\"elementor-element elementor-element-55d5450 de_scroll_animation_no elementor-widget elementor-widget-heading\" data-id=\"55d5450\" data-element_type=\"widget\" data-widget_type=\"heading.default\">\n\t\t\t\t<div class=\"elementor-widget-container\">\n\t\t\t\t\t<h4 class=\"elementor-heading-title elementor-size-default\">Encourager les Enfants \u00e0 travers la Fiert\u00e9 Culturelle et la Curiosit\u00e9<\/h4>\t\t\t\t<\/div>\n\t\t\t\t<\/div>\n\t\t\t\t<div class=\"elementor-element elementor-element-244e761 de_scroll_animation_no elementor-widget elementor-widget-text-editor\" data-id=\"244e761\" data-element_type=\"widget\" data-widget_type=\"text-editor.default\">\n\t\t\t\t<div class=\"elementor-widget-container\">\n\t\t\t\t\t\t\t\t\t<p><span style=\"font-weight: 400;\">Chez Agafay Books, nous aidons les enfants \u00e0 d\u00e9velopper un fort sentiment d&rsquo;identit\u00e9 marocaine en c\u00e9l\u00e9brant le riche patrimoine afro-amazigh et arabe de la nation tout en favorisant les liens avec le monde ext\u00e9rieur. \u00c0 travers des histoires captivantes, nous inspirons la fiert\u00e9 culturelle et nourrissons la curiosit\u00e9, aidant les enfants \u00e0 d\u00e9velopper la conscience de soi, l&#8217;empathie et le sentiment d&rsquo;appartenance. Nous \u00e9quipons les jeunes lecteurs d&rsquo;intelligence \u00e9motionnelle et de capacit\u00e9s de r\u00e9flexion critique pour naviguer dans le monde moderne avec confiance, compassion et une profonde compr\u00e9hension de leur h\u00e9ritage.<\/span><\/p>\t\t\t\t\t\t\t\t<\/div>\n\t\t\t\t<\/div>\n\t\t\t\t\t<\/div>\n\t\t<\/div>\n\t\t\t\t<div class=\"elementor-column elementor-col-50 elementor-inner-column elementor-element elementor-element-494d20b elementor-invisible\" data-id=\"494d20b\" data-element_type=\"column\" data-settings=\"{&quot;background_background&quot;:&quot;classic&quot;,&quot;animation&quot;:&quot;fadeInUp&quot;,&quot;animation_delay&quot;:500}\">\n\t\t\t<div class=\"elementor-widget-wrap elementor-element-populated\">\n\t\t\t\t\t\t<div class=\"elementor-element elementor-element-6d411c5 de_scroll_animation_no elementor-widget elementor-widget-heading\" data-id=\"6d411c5\" data-element_type=\"widget\" data-widget_type=\"heading.default\">\n\t\t\t\t<div class=\"elementor-widget-container\">\n\t\t\t\t\t<h4 class=\"elementor-heading-title elementor-size-default\">Notre Vision<\/h4>\t\t\t\t<\/div>\n\t\t\t\t<\/div>\n\t\t\t\t<div class=\"elementor-element elementor-element-61b15d5 de_scroll_animation_no elementor-widget elementor-widget-heading\" data-id=\"61b15d5\" data-element_type=\"widget\" data-widget_type=\"heading.default\">\n\t\t\t\t<div class=\"elementor-widget-container\">\n\t\t\t\t\t<h4 class=\"elementor-heading-title elementor-size-default\">Former des Citoyens du Monde Ancr\u00e9s dans leur H\u00e9ritage\n<\/h4>\t\t\t\t<\/div>\n\t\t\t\t<\/div>\n\t\t\t\t<div class=\"elementor-element elementor-element-a9c36f1 de_scroll_animation_no elementor-widget elementor-widget-text-editor\" data-id=\"a9c36f1\" data-element_type=\"widget\" data-widget_type=\"text-editor.default\">\n\t\t\t\t<div class=\"elementor-widget-container\">\n\t\t\t\t\t\t\t\t\t<p><span style=\"font-weight: 400;\">Nous envisageons un monde o\u00f9 les enfants grandissent confiants dans leur identit\u00e9 culturelle tout en embrassant diverses perspectives globales. En c\u00e9l\u00e9brant l&rsquo;h\u00e9ritage marocain et arabe, nous donnons aux jeunes lecteurs les moyens de penser de mani\u00e8re critique, de r\u00e9soudre les probl\u00e8mes avec cr\u00e9ativit\u00e9 et d&rsquo;agir de mani\u00e8re responsable dans leurs communaut\u00e9s. Nos histoires inspirent les enfants \u00e0 se connecter profond\u00e9ment \u00e0 leurs racines tout en les pr\u00e9parant \u00e0 s&rsquo;\u00e9panouir dans un monde interconnect\u00e9.<\/span><\/p>\t\t\t\t\t\t\t\t<\/div>\n\t\t\t\t<\/div>\n\t\t\t\t\t<\/div>\n\t\t<\/div>\n\t\t\t\t\t<\/div>\n\t\t<\/section>\n\t\t\t\t\t<\/div>\n\t\t<\/div>\n\t\t\t\t\t<\/div>\n\t\t<\/section>\n\t\t\t\t<section class=\"elementor-section elementor-top-section elementor-element elementor-element-f7d438e elementor-section-boxed elementor-section-height-default elementor-section-height-default\" data-id=\"f7d438e\" data-element_type=\"section\" data-settings=\"{&quot;background_background&quot;:&quot;classic&quot;}\">\n\t\t\t\t\t\t\t<div class=\"elementor-background-overlay\"><\/div>\n\t\t\t\t\t\t\t<div class=\"elementor-container elementor-column-gap-default\">\n\t\t\t\t\t<div class=\"elementor-column elementor-col-100 elementor-top-column elementor-element elementor-element-fe38bc8\" data-id=\"fe38bc8\" data-element_type=\"column\">\n\t\t\t<div class=\"elementor-widget-wrap elementor-element-populated\">\n\t\t\t\t\t\t<section class=\"elementor-section elementor-inner-section elementor-element elementor-element-a090214 elementor-section-boxed elementor-section-height-default elementor-section-height-default\" data-id=\"a090214\" data-element_type=\"section\">\n\t\t\t\t\t\t<div class=\"elementor-container elementor-column-gap-default\">\n\t\t\t\t\t<div class=\"elementor-column elementor-col-100 elementor-inner-column elementor-element elementor-element-6305792 elementor-invisible\" data-id=\"6305792\" data-element_type=\"column\" data-settings=\"{&quot;background_background&quot;:&quot;classic&quot;,&quot;animation&quot;:&quot;fadeInUp&quot;,&quot;animation_delay&quot;:400}\">\n\t\t\t<div class=\"elementor-widget-wrap elementor-element-populated\">\n\t\t\t\t\t\t<div class=\"elementor-element elementor-element-93279bf de_scroll_animation_no elementor-widget elementor-widget-heading\" data-id=\"93279bf\" data-element_type=\"widget\" data-widget_type=\"heading.default\">\n\t\t\t\t<div class=\"elementor-widget-container\">\n\t\t\t\t\t<h4 class=\"elementor-heading-title elementor-size-default\">Nos Valeurs Fondamentales<\/h4>\t\t\t\t<\/div>\n\t\t\t\t<\/div>\n\t\t\t\t<div class=\"elementor-element elementor-element-8165ddf de_scroll_animation_no elementor-widget elementor-widget-heading\" data-id=\"8165ddf\" data-element_type=\"widget\" data-widget_type=\"heading.default\">\n\t\t\t\t<div class=\"elementor-widget-container\">\n\t\t\t\t\t<h4 class=\"elementor-heading-title elementor-size-default\">Cultiver la fiert\u00e9 culturelle et la curiosit\u00e9 de la prochaine g\u00e9n\u00e9ration<\/h4>\t\t\t\t<\/div>\n\t\t\t\t<\/div>\n\t\t\t\t<div class=\"elementor-element elementor-element-fa1543f elementor-position-left elementor-view-default elementor-mobile-position-top de_scroll_animation_no elementor-widget elementor-widget-icon-box\" data-id=\"fa1543f\" data-element_type=\"widget\" data-widget_type=\"icon-box.default\">\n\t\t\t\t<div class=\"elementor-widget-container\">\n\t\t\t\t\t\t\t<div class=\"elementor-icon-box-wrapper\">\n\n\t\t\t\t\t\t<div class=\"elementor-icon-box-icon\">\n\t\t\t\t<span  class=\"elementor-icon\">\n\t\t\t\t<i aria-hidden=\"true\" class=\"dticon dticon-language-outline\"><\/i>\t\t\t\t<\/span>\n\t\t\t<\/div>\n\t\t\t\n\t\t\t\t\t\t<div class=\"elementor-icon-box-content\">\n\n\t\t\t\t\t\t\t\t\t<h3 class=\"elementor-icon-box-title\">\n\t\t\t\t\t\t<span  >\n\t\t\t\t\t\t\tIdentit\u00e9 Culturelle et Excellence Multilingue \t\t\t\t\t\t<\/span>\n\t\t\t\t\t<\/h3>\n\t\t\t\t\n\t\t\t\t\t\t\t\t\t<p class=\"elementor-icon-box-description\">\n\t\t\t\t\t\tNous honorons la mosa\u00efque culturelle unique du Maroc, en embrassant ses influences afro-amazigh et arabes tout en pr\u00e9parant les enfants \u00e0 un avenir mondialis\u00e9. \u00c0 travers des histoires bilingues en arabe et en anglais ou en fran\u00e7ais, nous aidons les enfants \u00e0 maintenir des liens forts avec leur patrimoine tout en d\u00e9veloppant les comp\u00e9tences linguistiques n\u00e9cessaires pour interagir avec des communaut\u00e9s diverses \u00e0 travers le monde. Nos livres servent de ponts entre les g\u00e9n\u00e9rations, favorisant un dialogue significatif sur la culture et l'identit\u00e9 entre les enfants et leurs familles, renfor\u00e7ant ainsi les liens de transmission et de compr\u00e9hension culturelles.\n\t\t\t\t\t<\/p>\n\t\t\t\t\n\t\t\t<\/div>\n\t\t\t\n\t\t<\/div>\n\t\t\t\t\t\t<\/div>\n\t\t\t\t<\/div>\n\t\t\t\t<div class=\"elementor-element elementor-element-ea16a16 elementor-position-left elementor-view-default elementor-mobile-position-top de_scroll_animation_no elementor-widget elementor-widget-icon-box\" data-id=\"ea16a16\" data-element_type=\"widget\" data-widget_type=\"icon-box.default\">\n\t\t\t\t<div class=\"elementor-widget-container\">\n\t\t\t\t\t\t\t<div class=\"elementor-icon-box-wrapper\">\n\n\t\t\t\t\t\t<div class=\"elementor-icon-box-icon\">\n\t\t\t\t<span  class=\"elementor-icon\">\n\t\t\t\t<i aria-hidden=\"true\" class=\"icon icon-idea1\"><\/i>\t\t\t\t<\/span>\n\t\t\t<\/div>\n\t\t\t\n\t\t\t\t\t\t<div class=\"elementor-icon-box-content\">\n\n\t\t\t\t\t\t\t\t\t<h3 class=\"elementor-icon-box-title\">\n\t\t\t\t\t\t<span  >\n\t\t\t\t\t\t\tInnovation R\u00e9fl\u00e9chie et Cr\u00e9ativit\u00e9\t\t\t\t\t\t<\/span>\n\t\t\t\t\t<\/h3>\n\t\t\t\t\n\t\t\t\t\t\t\t\t\t<p class=\"elementor-icon-box-description\">\n\t\t\t\t\t\tNous cultivons la r\u00e9silience et l'imagination en encourageant les enfants \u00e0 penser de mani\u00e8re critique et \u00e0 s'adapter au changement, particuli\u00e8rement dans le paysage num\u00e9rique actuel. Nos histoires guident les jeunes lecteurs \u00e0 s'engager de mani\u00e8re r\u00e9fl\u00e9chie avec la technologie et la nature, explorant les th\u00e8mes de l'histoire, de l'identit\u00e9, de l'\u00e9cologie et de la culture. Nous mettons l'accent sur l'innovation responsable et la pens\u00e9e durable, aidant les enfants \u00e0 d\u00e9velopper la force \u00e9motionnelle et la flexibilit\u00e9 n\u00e9cessaires pour embrasser de nouvelles id\u00e9es tout en respectant la sagesse traditionnelle.\t\t\t\t\t<\/p>\n\t\t\t\t\n\t\t\t<\/div>\n\t\t\t\n\t\t<\/div>\n\t\t\t\t\t\t<\/div>\n\t\t\t\t<\/div>\n\t\t\t\t<div class=\"elementor-element elementor-element-86e52c1 elementor-position-left elementor-view-default elementor-mobile-position-top de_scroll_animation_no elementor-widget elementor-widget-icon-box\" data-id=\"86e52c1\" data-element_type=\"widget\" data-widget_type=\"icon-box.default\">\n\t\t\t\t<div class=\"elementor-widget-container\">\n\t\t\t\t\t\t\t<div class=\"elementor-icon-box-wrapper\">\n\n\t\t\t\t\t\t<div class=\"elementor-icon-box-icon\">\n\t\t\t\t<span  class=\"elementor-icon\">\n\t\t\t\t<i aria-hidden=\"true\" class=\"icon icon-heart1\"><\/i>\t\t\t\t<\/span>\n\t\t\t<\/div>\n\t\t\t\n\t\t\t\t\t\t<div class=\"elementor-icon-box-content\">\n\n\t\t\t\t\t\t\t\t\t<h3 class=\"elementor-icon-box-title\">\n\t\t\t\t\t\t<span  >\n\t\t\t\t\t\t\tIntelligence \u00c9motionnelle et Compr\u00e9hension\t\t\t\t\t\t<\/span>\n\t\t\t\t\t<\/h3>\n\t\t\t\t\n\t\t\t\t\t\t\t\t\t<p class=\"elementor-icon-box-description\">\n\t\t\t\t\t\tNous priorisons le d\u00e9veloppement de la conscience \u00e9motionnelle et des comp\u00e9tences interpersonnelles. Nos histoires aident les enfants \u00e0 naviguer dans des \u00e9motions et des relations complexes, favorisant l'empathie, l'autor\u00e9flexion et la croissance personnelle. \u00c0 travers des r\u00e9cits captivants, nous cr\u00e9ons des connexions significatives qui approfondissent la compr\u00e9hension que les enfants ont d'eux-m\u00eames et des autres, les inspirant \u00e0 aborder le monde avec compassion et responsabilit\u00e9.\n\t\t\t\t\t<\/p>\n\t\t\t\t\n\t\t\t<\/div>\n\t\t\t\n\t\t<\/div>\n\t\t\t\t\t\t<\/div>\n\t\t\t\t<\/div>\n\t\t\t\t\t<\/div>\n\t\t<\/div>\n\t\t\t\t\t<\/div>\n\t\t<\/section>\n\t\t\t\t\t<\/div>\n\t\t<\/div>\n\t\t\t\t\t<\/div>\n\t\t<\/section>\n\t\t\t\t<section class=\"elementor-section elementor-top-section elementor-element elementor-element-9476c9a elementor-section-boxed elementor-section-height-default elementor-section-height-default\" data-id=\"9476c9a\" data-element_type=\"section\" data-settings=\"{&quot;background_background&quot;:&quot;classic&quot;}\">\n\t\t\t\t\t\t\t<div class=\"elementor-background-overlay\"><\/div>\n\t\t\t\t\t\t\t<div class=\"elementor-container elementor-column-gap-default\">\n\t\t\t\t\t<div class=\"elementor-column elementor-col-100 elementor-top-column elementor-element elementor-element-4209378\" data-id=\"4209378\" data-element_type=\"column\">\n\t\t\t<div class=\"elementor-widget-wrap elementor-element-populated\">\n\t\t\t\t\t\t<div class=\"elementor-element elementor-element-83b1b54 de_scroll_animation_no elementor-invisible elementor-widget elementor-widget-heading\" data-id=\"83b1b54\" data-element_type=\"widget\" data-settings=\"{&quot;_animation&quot;:&quot;fadeInUp&quot;,&quot;_animation_delay&quot;:200}\" data-widget_type=\"heading.default\">\n\t\t\t\t<div class=\"elementor-widget-container\">\n\t\t\t\t\t<h2 class=\"elementor-heading-title elementor-size-default\">Rejoignez nous : encouragez les jeunes lecteurs avec Agafay Books !<\/h2>\t\t\t\t<\/div>\n\t\t\t\t<\/div>\n\t\t\t\t<div class=\"elementor-element elementor-element-85a1e56 elementor-widget__width-auto de_scroll_animation_no elementor-invisible elementor-widget elementor-widget-button\" data-id=\"85a1e56\" data-element_type=\"widget\" data-settings=\"{&quot;_animation&quot;:&quot;fadeInUp&quot;,&quot;_animation_delay&quot;:400}\" data-widget_type=\"button.default\">\n\t\t\t\t<div class=\"elementor-widget-container\">\n\t\t\t\t\t\t\t\t\t<div class=\"elementor-button-wrapper\">\n\t\t\t\t\t<a class=\"elementor-button elementor-button-link elementor-size-sm\" href=\"https:\/\/agafaybooks.com\/fr\/index.php\/faire-un-don\/\">\n\t\t\t\t\t\t<span class=\"elementor-button-content-wrapper\">\n\t\t\t\t\t\t\t\t\t<span class=\"elementor-button-text\">FAIRE UN DON<\/span>\n\t\t\t\t\t<\/span>\n\t\t\t\t\t<\/a>\n\t\t\t\t<\/div>\n\t\t\t\t\t\t\t\t<\/div>\n\t\t\t\t<\/div>\n\t\t\t\t<div class=\"elementor-element elementor-element-2450c2e elementor-widget__width-auto de_scroll_animation_no elementor-invisible elementor-widget elementor-widget-button\" data-id=\"2450c2e\" data-element_type=\"widget\" data-settings=\"{&quot;_animation&quot;:&quot;fadeInUp&quot;,&quot;_animation_delay&quot;:500}\" data-widget_type=\"button.default\">\n\t\t\t\t<div class=\"elementor-widget-container\">\n\t\t\t\t\t\t\t\t\t<div class=\"elementor-button-wrapper\">\n\t\t\t\t\t<a class=\"elementor-button elementor-button-link elementor-size-sm\" href=\"https:\/\/agafaybooks.com\/fr\/index.php\/contact\/\">\n\t\t\t\t\t\t<span class=\"elementor-button-content-wrapper\">\n\t\t\t\t\t\t\t\t\t<span class=\"elementor-button-text\">nous contacter<\/span>\n\t\t\t\t\t<\/span>\n\t\t\t\t\t<\/a>\n\t\t\t\t<\/div>\n\t\t\t\t\t\t\t\t<\/div>\n\t\t\t\t<\/div>\n\t\t\t\t\t<\/div>\n\t\t<\/div>\n\t\t\t\t\t<\/div>\n\t\t<\/section>\n\t\t\t\t<\/div>\n\t\t","protected":false},"excerpt":{"rendered":"<p>\u00c0 PROPOS DE NOUS Pourquoi \u00ab\u00a0Agafay Books\u00a0\u00bb? Agafay Books tire son nom du d\u00e9sert d&rsquo;Agafay, au Maroc, un lieu d&rsquo;une beaut\u00e9 naturelle stup\u00e9fiante et d&rsquo;un riche patrimoine culturel. Le d\u00e9sert repr\u00e9sente un vaste paysage inexplor\u00e9 et plein de possibilit\u00e9s, tout comme l&rsquo;imagination des enfants. Notre nom refl\u00e8te notre engagement \u00e0 explorer le potentiel illimit\u00e9 des [&hellip;]<\/p>\n","protected":false},"author":1,"featured_media":0,"parent":0,"menu_order":0,"comment_status":"closed","ping_status":"closed","template":"elementor_header_footer","meta":{"footnotes":""},"class_list":["post-853","page","type-page","status-publish","hentry"],"_links":{"self":[{"href":"https:\/\/agafaybooks.com\/fr\/index.php\/wp-json\/wp\/v2\/pages\/853","targetHints":{"allow":["GET"]}}],"collection":[{"href":"https:\/\/agafaybooks.com\/fr\/index.php\/wp-json\/wp\/v2\/pages"}],"about":[{"href":"https:\/\/agafaybooks.com\/fr\/index.php\/wp-json\/wp\/v2\/types\/page"}],"author":[{"embeddable":true,"href":"https:\/\/agafaybooks.com\/fr\/index.php\/wp-json\/wp\/v2\/users\/1"}],"replies":[{"embeddable":true,"href":"https:\/\/agafaybooks.com\/fr\/index.php\/wp-json\/wp\/v2\/comments?post=853"}],"version-history":[{"count":23,"href":"https:\/\/agafaybooks.com\/fr\/index.php\/wp-json\/wp\/v2\/pages\/853\/revisions"}],"predecessor-version":[{"id":3184,"href":"https:\/\/agafaybooks.com\/fr\/index.php\/wp-json\/wp\/v2\/pages\/853\/revisions\/3184"}],"wp:attachment":[{"href":"https:\/\/agafaybooks.com\/fr\/index.php\/wp-json\/wp\/v2\/media?parent=853"}],"curies":[{"name":"wp","href":"https:\/\/api.w.org\/{rel}","templated":true}]}}