{"id":874,"date":"2025-01-18T12:23:41","date_gmt":"2025-01-18T12:23:41","guid":{"rendered":"https:\/\/agafaybooks.com\/?page_id=874"},"modified":"2025-02-11T14:01:00","modified_gmt":"2025-02-11T14:01:00","slug":"notre-equipe","status":"publish","type":"page","link":"https:\/\/agafaybooks.com\/fr\/index.php\/notre-equipe\/","title":{"rendered":"Notre \u00e9quipe"},"content":{"rendered":"\t\t<div data-elementor-type=\"wp-page\" data-elementor-id=\"874\" class=\"elementor elementor-874 elementor-168\" data-elementor-post-type=\"page\">\n\t\t\t\t<div class=\"elementor-element elementor-element-f769a24 e-flex e-con-boxed e-con e-parent\" data-id=\"f769a24\" data-element_type=\"container\" data-settings=\"{&quot;background_background&quot;:&quot;classic&quot;}\">\n\t\t\t\t\t<div class=\"e-con-inner\">\n\t\t\t\t<div class=\"elementor-element elementor-element-3ec0867 de_scroll_animation_no elementor-widget elementor-widget-image\" data-id=\"3ec0867\" data-element_type=\"widget\" data-settings=\"{&quot;motion_fx_motion_fx_scrolling&quot;:&quot;yes&quot;,&quot;motion_fx_translateY_effect&quot;:&quot;yes&quot;,&quot;motion_fx_translateY_speed&quot;:{&quot;unit&quot;:&quot;px&quot;,&quot;size&quot;:0,&quot;sizes&quot;:[]},&quot;motion_fx_translateY_affectedRange&quot;:{&quot;unit&quot;:&quot;%&quot;,&quot;size&quot;:&quot;&quot;,&quot;sizes&quot;:{&quot;start&quot;:34,&quot;end&quot;:87}},&quot;motion_fx_devices&quot;:[&quot;desktop&quot;,&quot;tablet&quot;,&quot;mobile&quot;]}\" data-widget_type=\"image.default\">\n\t\t\t\t<div class=\"elementor-widget-container\">\n\t\t\t\t\t\t\t\t\t\t\t\t\t\t\t<img fetchpriority=\"high\" decoding=\"async\" width=\"800\" height=\"800\" src=\"https:\/\/agafaybooks.com\/wp-content\/uploads\/2025\/01\/AB-proposal-Recovered-2.png\" class=\"attachment-large size-large wp-image-307\" alt=\"\" srcset=\"https:\/\/agafaybooks.com\/wp-content\/uploads\/2025\/01\/AB-proposal-Recovered-2.png 800w, https:\/\/agafaybooks.com\/wp-content\/uploads\/2025\/01\/AB-proposal-Recovered-2-300x300.png 300w, https:\/\/agafaybooks.com\/wp-content\/uploads\/2025\/01\/AB-proposal-Recovered-2-150x150.png 150w, https:\/\/agafaybooks.com\/wp-content\/uploads\/2025\/01\/AB-proposal-Recovered-2-768x768.png 768w\" sizes=\"(max-width: 800px) 100vw, 800px\" \/>\t\t\t\t\t\t\t\t\t\t\t\t\t\t\t<\/div>\n\t\t\t\t<\/div>\n\t\t\t\t<div class=\"elementor-element elementor-element-1268aac de_scroll_animation_no elementor-widget elementor-widget-heading\" data-id=\"1268aac\" data-element_type=\"widget\" data-widget_type=\"heading.default\">\n\t\t\t\t<div class=\"elementor-widget-container\">\n\t\t\t\t\t<h2 class=\"elementor-heading-title elementor-size-default\">NOTRE \u00c9QUIPE<\/h2>\t\t\t\t<\/div>\n\t\t\t\t<\/div>\n\t\t\t\t\t<\/div>\n\t\t\t\t<\/div>\n\t\t\t\t<section class=\"elementor-section elementor-top-section elementor-element elementor-element-ba40fef elementor-section-boxed elementor-section-height-default elementor-section-height-default\" data-id=\"ba40fef\" data-element_type=\"section\" data-settings=\"{&quot;background_background&quot;:&quot;classic&quot;}\">\n\t\t\t\t\t\t<div class=\"elementor-container elementor-column-gap-default\">\n\t\t\t\t\t<div class=\"elementor-column elementor-col-50 elementor-top-column elementor-element elementor-element-2a079a7\" data-id=\"2a079a7\" data-element_type=\"column\">\n\t\t\t<div class=\"elementor-widget-wrap elementor-element-populated\">\n\t\t\t\t\t\t<div class=\"elementor-element elementor-element-89009c1 de_scroll_animation_no elementor-widget elementor-widget-image\" data-id=\"89009c1\" data-element_type=\"widget\" data-settings=\"{&quot;motion_fx_motion_fx_scrolling&quot;:&quot;yes&quot;,&quot;motion_fx_translateY_effect&quot;:&quot;yes&quot;,&quot;motion_fx_translateY_speed&quot;:{&quot;unit&quot;:&quot;px&quot;,&quot;size&quot;:1.3999999999999999,&quot;sizes&quot;:[]},&quot;motion_fx_translateY_affectedRange&quot;:{&quot;unit&quot;:&quot;%&quot;,&quot;size&quot;:&quot;&quot;,&quot;sizes&quot;:{&quot;start&quot;:0,&quot;end&quot;:100}},&quot;motion_fx_devices&quot;:[&quot;desktop&quot;,&quot;tablet&quot;,&quot;mobile&quot;]}\" data-widget_type=\"image.default\">\n\t\t\t\t<div class=\"elementor-widget-container\">\n\t\t\t\t\t\t\t\t\t\t\t\t\t\t\t<img decoding=\"async\" width=\"800\" height=\"821\" src=\"https:\/\/agafaybooks.com\/wp-content\/uploads\/2025\/01\/Agafay-books-team-998x1024.png\" class=\"attachment-large size-large wp-image-420\" alt=\"\" srcset=\"https:\/\/agafaybooks.com\/wp-content\/uploads\/2025\/01\/Agafay-books-team-998x1024.png 998w, https:\/\/agafaybooks.com\/wp-content\/uploads\/2025\/01\/Agafay-books-team-292x300.png 292w, https:\/\/agafaybooks.com\/wp-content\/uploads\/2025\/01\/Agafay-books-team-768x788.png 768w, https:\/\/agafaybooks.com\/wp-content\/uploads\/2025\/01\/Agafay-books-team-1497x1536.png 1497w, https:\/\/agafaybooks.com\/wp-content\/uploads\/2025\/01\/Agafay-books-team.png 1600w\" sizes=\"(max-width: 800px) 100vw, 800px\" \/>\t\t\t\t\t\t\t\t\t\t\t\t\t\t\t<\/div>\n\t\t\t\t<\/div>\n\t\t\t\t\t<\/div>\n\t\t<\/div>\n\t\t\t\t<div class=\"elementor-column elementor-col-50 elementor-top-column elementor-element elementor-element-1c7621d\" data-id=\"1c7621d\" data-element_type=\"column\">\n\t\t\t<div class=\"elementor-widget-wrap elementor-element-populated\">\n\t\t\t\t\t\t<div class=\"elementor-element elementor-element-3bf5af8 de_scroll_animation_no elementor-widget elementor-widget-heading\" data-id=\"3bf5af8\" data-element_type=\"widget\" data-widget_type=\"heading.default\">\n\t\t\t\t<div class=\"elementor-widget-container\">\n\t\t\t\t\t<h4 class=\"elementor-heading-title elementor-size-default\">Les visionnaires \u00e0 l'origine d'Agafay Books.<\/h4>\t\t\t\t<\/div>\n\t\t\t\t<\/div>\n\t\t\t\t<div class=\"elementor-element elementor-element-5093edb de_scroll_animation_no elementor-invisible elementor-widget elementor-widget-heading\" data-id=\"5093edb\" data-element_type=\"widget\" data-settings=\"{&quot;_animation&quot;:&quot;fadeInUp&quot;,&quot;_animation_delay&quot;:200}\" data-widget_type=\"heading.default\">\n\t\t\t\t<div class=\"elementor-widget-container\">\n\t\t\t\t\t<h2 class=\"elementor-heading-title elementor-size-default\">Des m\u00e8res marocaines et des personnes qui s'occupent d'enfants<\/h2>\t\t\t\t<\/div>\n\t\t\t\t<\/div>\n\t\t\t\t<div class=\"elementor-element elementor-element-a4761ba de_scroll_animation_no elementor-widget elementor-widget-text-editor\" data-id=\"a4761ba\" data-element_type=\"widget\" data-widget_type=\"text-editor.default\">\n\t\t\t\t<div class=\"elementor-widget-container\">\n\t\t\t\t\t\t\t\t\t<p><span style=\"font-weight: 400;\">Ces personnes d\u00e9vou\u00e9es s&rsquo;appuient sur leurs exp\u00e9riences de premi\u00e8re main et leur profonde compr\u00e9hension de la culture marocaine pour cr\u00e9er un contenu bilingue significatif et pertinent pour les enfants et les familles. Leur connaissance des traditions, leurs exp\u00e9riences parentales, leurs histoires et leurs valeurs se retrouvent dans chaque livre, garantissant l&rsquo;authenticit\u00e9 et la richesse culturelle en plusieurs langues : arabe, anglais et fran\u00e7ais.\u00a0<\/span><\/p><p><span style=\"font-weight: 400;\">Ils sont soutenus par la sagesse des g\u00e9n\u00e9rations pr\u00e9c\u00e9dentes berb\u00e8res et arabes en mati\u00e8re de parentalit\u00e9, par des conseillers p\u00e9dagogiques et par des artistes talentueux qui fournissent des informations et des conseils essentiels sur l&rsquo;exactitude et la repr\u00e9sentation culturelles, garantissant ainsi que les livres honorent et pr\u00e9servent les traditions et les valeurs marocaines. Tout aussi importants sont les enfants marocains, qui sont \u00e0 la fois l&rsquo;inspiration et la force motrice des fondateurs.<\/span><\/p>\t\t\t\t\t\t\t\t<\/div>\n\t\t\t\t<\/div>\n\t\t\t\t\t<\/div>\n\t\t<\/div>\n\t\t\t\t\t<\/div>\n\t\t<\/section>\n\t\t\t\t<section class=\"elementor-section elementor-top-section elementor-element elementor-element-3a3e7a2 elementor-section-boxed elementor-section-height-default elementor-section-height-default\" data-id=\"3a3e7a2\" data-element_type=\"section\" data-settings=\"{&quot;background_background&quot;:&quot;classic&quot;}\">\n\t\t\t\t\t\t\t<div class=\"elementor-background-overlay\"><\/div>\n\t\t\t\t\t\t\t<div class=\"elementor-container elementor-column-gap-default\">\n\t\t\t\t\t<div class=\"elementor-column elementor-col-100 elementor-top-column elementor-element elementor-element-1650abf\" data-id=\"1650abf\" data-element_type=\"column\">\n\t\t\t<div class=\"elementor-widget-wrap elementor-element-populated\">\n\t\t\t\t\t\t<div class=\"elementor-element elementor-element-d37b202 de_scroll_animation_no elementor-invisible elementor-widget elementor-widget-heading\" data-id=\"d37b202\" data-element_type=\"widget\" data-settings=\"{&quot;_animation&quot;:&quot;fadeInUp&quot;,&quot;_animation_delay&quot;:200}\" data-widget_type=\"heading.default\">\n\t\t\t\t<div class=\"elementor-widget-container\">\n\t\t\t\t\t<h2 class=\"elementor-heading-title elementor-size-default\">Rejoignez-nous !<br>\n\u00e9clairer nos enfants avec des livres de grande valeur litt\u00e9raire<\/h2>\t\t\t\t<\/div>\n\t\t\t\t<\/div>\n\t\t\t\t<div class=\"elementor-element elementor-element-22492fa elementor-widget__width-auto de_scroll_animation_no elementor-invisible elementor-widget elementor-widget-button\" data-id=\"22492fa\" data-element_type=\"widget\" data-settings=\"{&quot;_animation&quot;:&quot;fadeInUp&quot;,&quot;_animation_delay&quot;:400}\" data-widget_type=\"button.default\">\n\t\t\t\t<div class=\"elementor-widget-container\">\n\t\t\t\t\t\t\t\t\t<div class=\"elementor-button-wrapper\">\n\t\t\t\t\t<a class=\"elementor-button elementor-button-link elementor-size-sm\" href=\"#\">\n\t\t\t\t\t\t<span class=\"elementor-button-content-wrapper\">\n\t\t\t\t\t\t\t\t\t<span class=\"elementor-button-text\">FAIRE UN DON<\/span>\n\t\t\t\t\t<\/span>\n\t\t\t\t\t<\/a>\n\t\t\t\t<\/div>\n\t\t\t\t\t\t\t\t<\/div>\n\t\t\t\t<\/div>\n\t\t\t\t<div class=\"elementor-element elementor-element-c28e516 elementor-widget__width-auto de_scroll_animation_no elementor-invisible elementor-widget elementor-widget-button\" data-id=\"c28e516\" data-element_type=\"widget\" data-settings=\"{&quot;_animation&quot;:&quot;fadeInUp&quot;,&quot;_animation_delay&quot;:500}\" data-widget_type=\"button.default\">\n\t\t\t\t<div class=\"elementor-widget-container\">\n\t\t\t\t\t\t\t\t\t<div class=\"elementor-button-wrapper\">\n\t\t\t\t\t<a class=\"elementor-button elementor-button-link elementor-size-sm\" href=\"#\">\n\t\t\t\t\t\t<span class=\"elementor-button-content-wrapper\">\n\t\t\t\t\t\t\t\t\t<span class=\"elementor-button-text\">NOUS CONTACTER<\/span>\n\t\t\t\t\t<\/span>\n\t\t\t\t\t<\/a>\n\t\t\t\t<\/div>\n\t\t\t\t\t\t\t\t<\/div>\n\t\t\t\t<\/div>\n\t\t\t\t\t<\/div>\n\t\t<\/div>\n\t\t\t\t\t<\/div>\n\t\t<\/section>\n\t\t\t\t<\/div>\n\t\t","protected":false},"excerpt":{"rendered":"<p>NOTRE \u00c9QUIPE Les visionnaires \u00e0 l&rsquo;origine d&rsquo;Agafay Books. Des m\u00e8res marocaines et des personnes qui s&rsquo;occupent d&rsquo;enfants Ces personnes d\u00e9vou\u00e9es s&rsquo;appuient sur leurs exp\u00e9riences de premi\u00e8re main et leur profonde compr\u00e9hension de la culture marocaine pour cr\u00e9er un contenu bilingue significatif et pertinent pour les enfants et les familles. Leur connaissance des traditions, leurs exp\u00e9riences [&hellip;]<\/p>\n","protected":false},"author":1,"featured_media":0,"parent":0,"menu_order":0,"comment_status":"closed","ping_status":"closed","template":"","meta":{"footnotes":""},"class_list":["post-874","page","type-page","status-publish","hentry"],"_links":{"self":[{"href":"https:\/\/agafaybooks.com\/fr\/index.php\/wp-json\/wp\/v2\/pages\/874","targetHints":{"allow":["GET"]}}],"collection":[{"href":"https:\/\/agafaybooks.com\/fr\/index.php\/wp-json\/wp\/v2\/pages"}],"about":[{"href":"https:\/\/agafaybooks.com\/fr\/index.php\/wp-json\/wp\/v2\/types\/page"}],"author":[{"embeddable":true,"href":"https:\/\/agafaybooks.com\/fr\/index.php\/wp-json\/wp\/v2\/users\/1"}],"replies":[{"embeddable":true,"href":"https:\/\/agafaybooks.com\/fr\/index.php\/wp-json\/wp\/v2\/comments?post=874"}],"version-history":[{"count":16,"href":"https:\/\/agafaybooks.com\/fr\/index.php\/wp-json\/wp\/v2\/pages\/874\/revisions"}],"predecessor-version":[{"id":2010,"href":"https:\/\/agafaybooks.com\/fr\/index.php\/wp-json\/wp\/v2\/pages\/874\/revisions\/2010"}],"wp:attachment":[{"href":"https:\/\/agafaybooks.com\/fr\/index.php\/wp-json\/wp\/v2\/media?parent=874"}],"curies":[{"name":"wp","href":"https:\/\/api.w.org\/{rel}","templated":true}]}}