{"id":918,"date":"2025-01-20T14:13:31","date_gmt":"2025-01-20T14:13:31","guid":{"rendered":"https:\/\/agafaybooks.com\/?page_id=918"},"modified":"2026-04-08T15:45:39","modified_gmt":"2026-04-08T15:45:39","slug":"donate","status":"publish","type":"page","link":"https:\/\/agafaybooks.com\/fr\/index.php\/donate\/","title":{"rendered":"Faire un don"},"content":{"rendered":"\t\t<div data-elementor-type=\"wp-page\" data-elementor-id=\"918\" class=\"elementor elementor-918 elementor-588\" data-elementor-post-type=\"page\">\n\t\t\t\t<div class=\"elementor-element elementor-element-03dc2eb e-flex e-con-boxed e-con e-parent\" data-id=\"03dc2eb\" data-element_type=\"container\" data-settings=\"{&quot;background_background&quot;:&quot;classic&quot;}\">\n\t\t\t\t\t<div class=\"e-con-inner\">\n\t\t\t\t<div class=\"elementor-element elementor-element-d08ffff de_scroll_animation_no elementor-widget elementor-widget-image\" data-id=\"d08ffff\" data-element_type=\"widget\" data-settings=\"{&quot;motion_fx_motion_fx_scrolling&quot;:&quot;yes&quot;,&quot;motion_fx_translateY_effect&quot;:&quot;yes&quot;,&quot;motion_fx_translateY_speed&quot;:{&quot;unit&quot;:&quot;px&quot;,&quot;size&quot;:0,&quot;sizes&quot;:[]},&quot;motion_fx_translateY_affectedRange&quot;:{&quot;unit&quot;:&quot;%&quot;,&quot;size&quot;:&quot;&quot;,&quot;sizes&quot;:{&quot;start&quot;:34,&quot;end&quot;:87}},&quot;motion_fx_devices&quot;:[&quot;desktop&quot;,&quot;tablet&quot;,&quot;mobile&quot;]}\" data-widget_type=\"image.default\">\n\t\t\t\t<div class=\"elementor-widget-container\">\n\t\t\t\t\t\t\t\t\t\t\t\t\t\t\t<img fetchpriority=\"high\" decoding=\"async\" width=\"800\" height=\"800\" src=\"https:\/\/agafaybooks.com\/wp-content\/uploads\/2025\/01\/AB-proposal-Recovered-2.png\" class=\"attachment-large size-large wp-image-307\" alt=\"\" srcset=\"https:\/\/agafaybooks.com\/wp-content\/uploads\/2025\/01\/AB-proposal-Recovered-2.png 800w, https:\/\/agafaybooks.com\/wp-content\/uploads\/2025\/01\/AB-proposal-Recovered-2-300x300.png 300w, https:\/\/agafaybooks.com\/wp-content\/uploads\/2025\/01\/AB-proposal-Recovered-2-150x150.png 150w, https:\/\/agafaybooks.com\/wp-content\/uploads\/2025\/01\/AB-proposal-Recovered-2-768x768.png 768w\" sizes=\"(max-width: 800px) 100vw, 800px\" \/>\t\t\t\t\t\t\t\t\t\t\t\t\t\t\t<\/div>\n\t\t\t\t<\/div>\n\t\t\t\t<div class=\"elementor-element elementor-element-944e4a8 de_scroll_animation_no elementor-widget elementor-widget-heading\" data-id=\"944e4a8\" data-element_type=\"widget\" data-widget_type=\"heading.default\">\n\t\t\t\t<div class=\"elementor-widget-container\">\n\t\t\t\t\t<h2 class=\"elementor-heading-title elementor-size-default\">donate<\/h2>\t\t\t\t<\/div>\n\t\t\t\t<\/div>\n\t\t\t\t\t<\/div>\n\t\t\t\t<\/div>\n\t\t\t\t<section class=\"elementor-section elementor-top-section elementor-element elementor-element-0e8bd67 elementor-section-boxed elementor-section-height-default elementor-section-height-default\" data-id=\"0e8bd67\" data-element_type=\"section\" data-settings=\"{&quot;background_background&quot;:&quot;classic&quot;}\">\n\t\t\t\t\t\t<div class=\"elementor-container elementor-column-gap-default\">\n\t\t\t\t\t<div class=\"elementor-column elementor-col-50 elementor-top-column elementor-element elementor-element-e45d0ab\" data-id=\"e45d0ab\" data-element_type=\"column\">\n\t\t\t<div class=\"elementor-widget-wrap elementor-element-populated\">\n\t\t\t\t\t\t<div class=\"elementor-element elementor-element-178d64c de_scroll_animation_no elementor-widget elementor-widget-image\" data-id=\"178d64c\" data-element_type=\"widget\" data-settings=\"{&quot;motion_fx_motion_fx_scrolling&quot;:&quot;yes&quot;,&quot;motion_fx_translateY_effect&quot;:&quot;yes&quot;,&quot;motion_fx_translateY_speed&quot;:{&quot;unit&quot;:&quot;px&quot;,&quot;size&quot;:1.3999999999999999,&quot;sizes&quot;:[]},&quot;motion_fx_translateY_affectedRange&quot;:{&quot;unit&quot;:&quot;%&quot;,&quot;size&quot;:&quot;&quot;,&quot;sizes&quot;:{&quot;start&quot;:0,&quot;end&quot;:100}},&quot;motion_fx_devices&quot;:[&quot;desktop&quot;,&quot;tablet&quot;,&quot;mobile&quot;]}\" data-widget_type=\"image.default\">\n\t\t\t\t<div class=\"elementor-widget-container\">\n\t\t\t\t\t\t\t\t\t\t\t\t\t\t\t<img decoding=\"async\" width=\"683\" height=\"1024\" src=\"https:\/\/agafaybooks.com\/wp-content\/uploads\/2026\/03\/8e29cc0e-0149-420b-a496-418d1102bb92-683x1024.jpg\" class=\"attachment-large size-large wp-image-3293\" alt=\"\" srcset=\"https:\/\/agafaybooks.com\/wp-content\/uploads\/2026\/03\/8e29cc0e-0149-420b-a496-418d1102bb92-683x1024.jpg 683w, https:\/\/agafaybooks.com\/wp-content\/uploads\/2026\/03\/8e29cc0e-0149-420b-a496-418d1102bb92-200x300.jpg 200w, https:\/\/agafaybooks.com\/wp-content\/uploads\/2026\/03\/8e29cc0e-0149-420b-a496-418d1102bb92-768x1152.jpg 768w, https:\/\/agafaybooks.com\/wp-content\/uploads\/2026\/03\/8e29cc0e-0149-420b-a496-418d1102bb92-1024x1536.jpg 1024w, https:\/\/agafaybooks.com\/wp-content\/uploads\/2026\/03\/8e29cc0e-0149-420b-a496-418d1102bb92-600x900.jpg 600w, https:\/\/agafaybooks.com\/wp-content\/uploads\/2026\/03\/8e29cc0e-0149-420b-a496-418d1102bb92.jpg 1067w\" sizes=\"(max-width: 683px) 100vw, 683px\" \/>\t\t\t\t\t\t\t\t\t\t\t\t\t\t\t<\/div>\n\t\t\t\t<\/div>\n\t\t\t\t\t<\/div>\n\t\t<\/div>\n\t\t\t\t<div class=\"elementor-column elementor-col-50 elementor-top-column elementor-element elementor-element-d4182df\" data-id=\"d4182df\" data-element_type=\"column\">\n\t\t\t<div class=\"elementor-widget-wrap elementor-element-populated\">\n\t\t\t\t\t\t<div class=\"elementor-element elementor-element-181d1c5 de_scroll_animation_no elementor-invisible elementor-widget elementor-widget-heading\" data-id=\"181d1c5\" data-element_type=\"widget\" data-settings=\"{&quot;_animation&quot;:&quot;fadeInUp&quot;,&quot;_animation_delay&quot;:200}\" data-widget_type=\"heading.default\">\n\t\t\t\t<div class=\"elementor-widget-container\">\n\t\t\t\t\t<h2 class=\"elementor-heading-title elementor-size-default\">\"Si tu veux planter un arbre, plante-le aujourd'hui. <br>Si tu veux \u00e9lever un \u00eatre humain, tu aurais d\u00fb commencer il y a vingt ans.\"\n\n<\/h2>\t\t\t\t<\/div>\n\t\t\t\t<\/div>\n\t\t\t\t<div class=\"elementor-element elementor-element-1b3671a de_scroll_animation_no elementor-widget elementor-widget-heading\" data-id=\"1b3671a\" data-element_type=\"widget\" data-widget_type=\"heading.default\">\n\t\t\t\t<div class=\"elementor-widget-container\">\n\t\t\t\t\t<h4 class=\"elementor-heading-title elementor-size-default\"><b>Le meilleur moment pour investir dans un enfant, c'\u00e9tait hier. Le deuxi\u00e8me meilleur moment, c'est maintenant.<\/b><\/h4>\t\t\t\t<\/div>\n\t\t\t\t<\/div>\n\t\t\t\t<div class=\"elementor-element elementor-element-414ae7b de_scroll_animation_no elementor-widget elementor-widget-text-editor\" data-id=\"414ae7b\" data-element_type=\"widget\" data-widget_type=\"text-editor.default\">\n\t\t\t\t<div class=\"elementor-widget-container\">\n\t\t\t\t\t\t\t\t\t<p><b>Agir est l&rsquo;antidote \u00e0 l&rsquo;anxi\u00e9t\u00e9.<\/b><\/p><p><span style=\"font-weight: 400;\">L&rsquo;actualit\u00e9 et le poids des \u00e9v\u00e9nements mondiaux nous donnent l&rsquo;impression d&rsquo;\u00eatre impliqu\u00e9s, et pourtant nous n&rsquo;avons presque aucun impact individuel \u00e0 l&rsquo;\u00e9chelle mondiale. <\/span><\/p><p><span style=\"font-weight: 400;\">Mais faire un don pour investir dans les leaders de demain ? C&rsquo;est diff\u00e9rent. <\/span><\/p><p><span style=\"font-weight: 400;\">Cela vous donnera un v\u00e9ritable sentiment d&rsquo;efficacit\u00e9. Et ce sentiment d&rsquo;avoir vraiment apport\u00e9 une goutte de changement;\u00a0 restera en vous longtemps apr\u00e8s que le moment sera pass\u00e9.<\/span><\/p>\t\t\t\t\t\t\t\t<\/div>\n\t\t\t\t<\/div>\n\t\t\t\t<div class=\"elementor-element elementor-element-ba6cc9b elementor-align-right elementor-hidden-mobile elementor-widget__width-auto elementor-hidden-tablet de_scroll_animation_no elementor-widget elementor-widget-button\" data-id=\"ba6cc9b\" data-element_type=\"widget\" data-widget_type=\"button.default\">\n\t\t\t\t<div class=\"elementor-widget-container\">\n\t\t\t\t\t\t\t\t\t<div class=\"elementor-button-wrapper\">\n\t\t\t\t\t<a class=\"elementor-button elementor-button-link elementor-size-sm\" href=\"https:\/\/agafaybooks.com\/index.php\/donate-payement\/\">\n\t\t\t\t\t\t<span class=\"elementor-button-content-wrapper\">\n\t\t\t\t\t\t\t\t\t<span class=\"elementor-button-text\">Investir dans un Enfant<\/span>\n\t\t\t\t\t<\/span>\n\t\t\t\t\t<\/a>\n\t\t\t\t<\/div>\n\t\t\t\t\t\t\t\t<\/div>\n\t\t\t\t<\/div>\n\t\t\t\t\t<\/div>\n\t\t<\/div>\n\t\t\t\t\t<\/div>\n\t\t<\/section>\n\t\t<div class=\"elementor-element elementor-element-6c2f645 e-flex e-con-boxed e-con e-parent\" data-id=\"6c2f645\" data-element_type=\"container\">\n\t\t\t\t\t<div class=\"e-con-inner\">\n\t\t\t\t<div class=\"elementor-element elementor-element-420af5c de_scroll_animation_no elementor-widget elementor-widget-text-editor\" data-id=\"420af5c\" data-element_type=\"widget\" data-widget_type=\"text-editor.default\">\n\t\t\t\t<div class=\"elementor-widget-container\">\n\t\t\t\t\t\t\t\t\t<h3><b>Ce que votre don construit<\/b><\/h3><table><tbody><tr><td><p><b>Votre Don<\/b><\/p><\/td><td><p><b>Ce que cela rend possible<\/b><\/p><\/td><\/tr><tr><td><p><b>Petit\u00a0<\/b><\/p><\/td><td><p><span style=\"font-weight: 400;\">Contribue \u00e0 illustrer une seule page d&rsquo;une nouvelle histoire<\/span><\/p><\/td><\/tr><tr><td><p><b>Moyen<\/b><\/p><\/td><td><p><span style=\"font-weight: 400;\">Aide \u00e0 financer la r\u00e9daction et la traduction d&rsquo;un livre complet<\/span><\/p><\/td><\/tr><tr><td><p><b>G\u00e9n\u00e9reux<\/b><\/p><\/td><td><p><span style=\"font-weight: 400;\">Soutient l&rsquo;impression et la distribution de livres dans les \u00e9coles d\u00e9favoris\u00e9es<\/span><\/p><\/td><\/tr><tr><td><p><b>Majeur<\/b><\/p><\/td><td><p><span style=\"font-weight: 400;\">Permet la cr\u00e9ation d&rsquo;un tout nouveau titre bilingue<\/span><\/p><\/td><\/tr><\/tbody><\/table>\t\t\t\t\t\t\t\t<\/div>\n\t\t\t\t<\/div>\n\t\t\t\t<div class=\"elementor-element elementor-element-f9fcc80 elementor-align-left elementor-hidden-mobile elementor-widget__width-auto elementor-hidden-tablet de_scroll_animation_no elementor-widget elementor-widget-button\" data-id=\"f9fcc80\" data-element_type=\"widget\" data-widget_type=\"button.default\">\n\t\t\t\t<div class=\"elementor-widget-container\">\n\t\t\t\t\t\t\t\t\t<div class=\"elementor-button-wrapper\">\n\t\t\t\t\t<a class=\"elementor-button elementor-button-link elementor-size-sm\" href=\"https:\/\/agafaybooks.com\/index.php\/donate-payement\/\">\n\t\t\t\t\t\t<span class=\"elementor-button-content-wrapper\">\n\t\t\t\t\t\t\t\t\t<span class=\"elementor-button-text\">Investir dans un Enfant<\/span>\n\t\t\t\t\t<\/span>\n\t\t\t\t\t<\/a>\n\t\t\t\t<\/div>\n\t\t\t\t\t\t\t\t<\/div>\n\t\t\t\t<\/div>\n\t\t\t\t<div class=\"elementor-element elementor-element-f0f128d de_scroll_animation_no elementor-widget elementor-widget-text-editor\" data-id=\"f0f128d\" data-element_type=\"widget\" data-widget_type=\"text-editor.default\">\n\t\t\t\t<div class=\"elementor-widget-container\">\n\t\t\t\t\t\t\t\t\t<h3><b>Vous n&rsquo;\u00eates pas simplement un donateur. <\/b><\/h3>\n<h3><b>Vous \u00eates le changement que vous voulez voir.<\/b><\/h3>\n<p><span style=\"font-weight: 400;\">Derri\u00e8re chaque livre que nous publions se trouve une communaut\u00e9 de personnes qui ont cru qu&rsquo;il valait la peine d&rsquo;\u00eatre cr\u00e9\u00e9. Lorsque vous donnez, vous devenez partie int\u00e9grante de l&rsquo;histoire; vous \u00eates en partie la raison pour laquelle un enfant quelque part a pris un livre, a trouv\u00e9 sa langue, a compris ses \u00e9motions, ou est tomb\u00e9 amoureux de la lecture pour la toute premi\u00e8re fois.<\/span><\/p>\n<p><span style=\"font-weight: 400;\">Cet enfant grandira. Il dirigera, cr\u00e9era et construira. Et quelque part dans ce qu&rsquo;il deviendra se trouvera la graine de quelque chose que vous avez aid\u00e9 \u00e0 planter.<\/span><\/p>\n<p><span style=\"font-weight: 400;\">Votre don aujourd&rsquo;hui est un investissement dans exactement cet avenir.<\/span><\/p>\n<h3><br><\/h3>\t\t\t\t\t\t\t\t<\/div>\n\t\t\t\t<\/div>\n\t\t\t\t\t<\/div>\n\t\t\t\t<\/div>\n\t\t<div class=\"elementor-element elementor-element-5af3a7c e-flex e-con-boxed e-con e-parent\" data-id=\"5af3a7c\" data-element_type=\"container\">\n\t\t\t\t\t<div class=\"e-con-inner\">\n\t\t\t\t<div class=\"elementor-element elementor-element-6f09b17 elementor-align-left elementor-hidden-mobile elementor-widget__width-initial elementor-hidden-tablet de_scroll_animation_no elementor-widget elementor-widget-button\" data-id=\"6f09b17\" data-element_type=\"widget\" data-widget_type=\"button.default\">\n\t\t\t\t<div class=\"elementor-widget-container\">\n\t\t\t\t\t\t\t\t\t<div class=\"elementor-button-wrapper\">\n\t\t\t\t\t<a class=\"elementor-button elementor-button-link elementor-size-sm\" href=\"https:\/\/agafaybooks.com\/index.php\/donate-payement\/\">\n\t\t\t\t\t\t<span class=\"elementor-button-content-wrapper\">\n\t\t\t\t\t\t\t\t\t<span class=\"elementor-button-text\">Investir dans un Enfant<\/span>\n\t\t\t\t\t<\/span>\n\t\t\t\t\t<\/a>\n\t\t\t\t<\/div>\n\t\t\t\t\t\t\t\t<\/div>\n\t\t\t\t<\/div>\n\t\t\t\t<div class=\"elementor-element elementor-element-2d41e88 de_scroll_animation_no elementor-widget elementor-widget-text-editor\" data-id=\"2d41e88\" data-element_type=\"widget\" data-widget_type=\"text-editor.default\">\n\t\t\t\t<div class=\"elementor-widget-container\">\n\t\t\t\t\t\t\t\t\t<p style=\"font-family: Inter, sans-serif; text-align: justify;\"><i>Nous sommes reconnaissants pour chaque contribution.\u00a0<\/i><\/p><p style=\"font-family: Inter, sans-serif; text-align: justify;\"><i>Tous les dons vont directement \u00e0 l&rsquo;\u00e9criture, l&rsquo;illustration, la traduction et la distribution de nos livres bilingues.<\/i><\/p>\t\t\t\t\t\t\t\t<\/div>\n\t\t\t\t<\/div>\n\t\t<div class=\"elementor-element elementor-element-a9d6381 e-con-full e-flex e-con e-child\" data-id=\"a9d6381\" data-element_type=\"container\">\n\t\t\t\t<\/div>\n\t\t\t\t\t<\/div>\n\t\t\t\t<\/div>\n\t\t\t\t<\/div>\n\t\t","protected":false},"excerpt":{"rendered":"<p>donate \u00ab\u00a0Si tu veux planter un arbre, plante-le aujourd&rsquo;hui. Si tu veux \u00e9lever un \u00eatre humain, tu aurais d\u00fb commencer il y a vingt ans.\u00a0\u00bb Le meilleur moment pour investir dans un enfant, c&rsquo;\u00e9tait hier. Le deuxi\u00e8me meilleur moment, c&rsquo;est maintenant. Agir est l&rsquo;antidote \u00e0 l&rsquo;anxi\u00e9t\u00e9. L&rsquo;actualit\u00e9 et le poids des \u00e9v\u00e9nements mondiaux nous donnent [&hellip;]<\/p>\n","protected":false},"author":1,"featured_media":0,"parent":0,"menu_order":0,"comment_status":"closed","ping_status":"closed","template":"","meta":{"footnotes":""},"class_list":["post-918","page","type-page","status-publish","hentry"],"_links":{"self":[{"href":"https:\/\/agafaybooks.com\/fr\/index.php\/wp-json\/wp\/v2\/pages\/918","targetHints":{"allow":["GET"]}}],"collection":[{"href":"https:\/\/agafaybooks.com\/fr\/index.php\/wp-json\/wp\/v2\/pages"}],"about":[{"href":"https:\/\/agafaybooks.com\/fr\/index.php\/wp-json\/wp\/v2\/types\/page"}],"author":[{"embeddable":true,"href":"https:\/\/agafaybooks.com\/fr\/index.php\/wp-json\/wp\/v2\/users\/1"}],"replies":[{"embeddable":true,"href":"https:\/\/agafaybooks.com\/fr\/index.php\/wp-json\/wp\/v2\/comments?post=918"}],"version-history":[{"count":48,"href":"https:\/\/agafaybooks.com\/fr\/index.php\/wp-json\/wp\/v2\/pages\/918\/revisions"}],"predecessor-version":[{"id":3379,"href":"https:\/\/agafaybooks.com\/fr\/index.php\/wp-json\/wp\/v2\/pages\/918\/revisions\/3379"}],"wp:attachment":[{"href":"https:\/\/agafaybooks.com\/fr\/index.php\/wp-json\/wp\/v2\/media?parent=918"}],"curies":[{"name":"wp","href":"https:\/\/api.w.org\/{rel}","templated":true}]}}